{"id":5553,"date":"2021-11-04T11:45:08","date_gmt":"2021-11-04T11:45:08","guid":{"rendered":"https:\/\/247blackjack.io\/kontakt\/"},"modified":"2024-05-13T12:39:58","modified_gmt":"2024-05-13T12:39:58","slug":"kontakt","status":"publish","type":"page","link":"https:\/\/247blackjack.io\/da\/kontakt\/","title":{"rendered":"Kontakt"},"content":{"rendered":"\t\t<div data-elementor-type=\"wp-page\" data-elementor-id=\"5553\" class=\"elementor elementor-5553 elementor-1481\">\n\t\t\t\t<div class=\"elementor-element elementor-element-f340ba0 e-flex e-con-boxed e-con e-parent\" data-id=\"f340ba0\" data-element_type=\"container\">\n\t\t\t\t\t<div class=\"e-con-inner\">\n\t\t\t\t<div class=\"elementor-element elementor-element-a02e03b elementor-widget-divider--view-line elementor-widget elementor-widget-divider\" data-id=\"a02e03b\" data-element_type=\"widget\" data-widget_type=\"divider.default\">\n\t\t\t\t<div class=\"elementor-widget-container\">\n\t\t\t<style>\/*! elementor - v3.21.0 - 08-05-2024 *\/\n.elementor-widget-divider{--divider-border-style:none;--divider-border-width:1px;--divider-color:#0c0d0e;--divider-icon-size:20px;--divider-element-spacing:10px;--divider-pattern-height:24px;--divider-pattern-size:20px;--divider-pattern-url:none;--divider-pattern-repeat:repeat-x}.elementor-widget-divider .elementor-divider{display:flex}.elementor-widget-divider .elementor-divider__text{font-size:15px;line-height:1;max-width:95%}.elementor-widget-divider .elementor-divider__element{margin:0 var(--divider-element-spacing);flex-shrink:0}.elementor-widget-divider .elementor-icon{font-size:var(--divider-icon-size)}.elementor-widget-divider .elementor-divider-separator{display:flex;margin:0;direction:ltr}.elementor-widget-divider--view-line_icon .elementor-divider-separator,.elementor-widget-divider--view-line_text .elementor-divider-separator{align-items:center}.elementor-widget-divider--view-line_icon .elementor-divider-separator:after,.elementor-widget-divider--view-line_icon .elementor-divider-separator:before,.elementor-widget-divider--view-line_text .elementor-divider-separator:after,.elementor-widget-divider--view-line_text .elementor-divider-separator:before{display:block;content:\"\";border-block-end:0;flex-grow:1;border-block-start:var(--divider-border-width) var(--divider-border-style) var(--divider-color)}.elementor-widget-divider--element-align-left .elementor-divider .elementor-divider-separator>.elementor-divider__svg:first-of-type{flex-grow:0;flex-shrink:100}.elementor-widget-divider--element-align-left .elementor-divider-separator:before{content:none}.elementor-widget-divider--element-align-left .elementor-divider__element{margin-left:0}.elementor-widget-divider--element-align-right .elementor-divider .elementor-divider-separator>.elementor-divider__svg:last-of-type{flex-grow:0;flex-shrink:100}.elementor-widget-divider--element-align-right .elementor-divider-separator:after{content:none}.elementor-widget-divider--element-align-right .elementor-divider__element{margin-right:0}.elementor-widget-divider--element-align-start .elementor-divider .elementor-divider-separator>.elementor-divider__svg:first-of-type{flex-grow:0;flex-shrink:100}.elementor-widget-divider--element-align-start .elementor-divider-separator:before{content:none}.elementor-widget-divider--element-align-start .elementor-divider__element{margin-inline-start:0}.elementor-widget-divider--element-align-end .elementor-divider .elementor-divider-separator>.elementor-divider__svg:last-of-type{flex-grow:0;flex-shrink:100}.elementor-widget-divider--element-align-end .elementor-divider-separator:after{content:none}.elementor-widget-divider--element-align-end .elementor-divider__element{margin-inline-end:0}.elementor-widget-divider:not(.elementor-widget-divider--view-line_text):not(.elementor-widget-divider--view-line_icon) .elementor-divider-separator{border-block-start:var(--divider-border-width) var(--divider-border-style) var(--divider-color)}.elementor-widget-divider--separator-type-pattern{--divider-border-style:none}.elementor-widget-divider--separator-type-pattern.elementor-widget-divider--view-line .elementor-divider-separator,.elementor-widget-divider--separator-type-pattern:not(.elementor-widget-divider--view-line) .elementor-divider-separator:after,.elementor-widget-divider--separator-type-pattern:not(.elementor-widget-divider--view-line) .elementor-divider-separator:before,.elementor-widget-divider--separator-type-pattern:not([class*=elementor-widget-divider--view]) .elementor-divider-separator{width:100%;min-height:var(--divider-pattern-height);-webkit-mask-size:var(--divider-pattern-size) 100%;mask-size:var(--divider-pattern-size) 100%;-webkit-mask-repeat:var(--divider-pattern-repeat);mask-repeat:var(--divider-pattern-repeat);background-color:var(--divider-color);-webkit-mask-image:var(--divider-pattern-url);mask-image:var(--divider-pattern-url)}.elementor-widget-divider--no-spacing{--divider-pattern-size:auto}.elementor-widget-divider--bg-round{--divider-pattern-repeat:round}.rtl .elementor-widget-divider .elementor-divider__text{direction:rtl}.e-con-inner>.elementor-widget-divider,.e-con>.elementor-widget-divider{width:var(--container-widget-width,100%);--flex-grow:var(--container-widget-flex-grow)}<\/style>\t\t<div class=\"elementor-divider\">\n\t\t\t<span class=\"elementor-divider-separator\">\n\t\t\t\t\t\t<\/span>\n\t\t<\/div>\n\t\t\t\t<\/div>\n\t\t\t\t<\/div>\n\t\t\t\t\t<\/div>\n\t\t\t\t<\/div>\n\t\t<div class=\"elementor-element elementor-element-8a50612 e-flex e-con-boxed e-con e-parent\" data-id=\"8a50612\" data-element_type=\"container\">\n\t\t\t\t\t<div class=\"e-con-inner\">\n\t\t<div class=\"elementor-element elementor-element-e003255 e-con-full e-flex e-con e-child\" data-id=\"e003255\" data-element_type=\"container\">\n\t\t\t\t<div class=\"elementor-element elementor-element-6a8ba71 elementor-widget elementor-widget-heading\" data-id=\"6a8ba71\" data-element_type=\"widget\" data-widget_type=\"heading.default\">\n\t\t\t\t<div class=\"elementor-widget-container\">\n\t\t\t<style>\/*! elementor - v3.21.0 - 08-05-2024 *\/\n.elementor-heading-title{padding:0;margin:0;line-height:1}.elementor-widget-heading .elementor-heading-title[class*=elementor-size-]>a{color:inherit;font-size:inherit;line-height:inherit}.elementor-widget-heading .elementor-heading-title.elementor-size-small{font-size:15px}.elementor-widget-heading .elementor-heading-title.elementor-size-medium{font-size:19px}.elementor-widget-heading .elementor-heading-title.elementor-size-large{font-size:29px}.elementor-widget-heading .elementor-heading-title.elementor-size-xl{font-size:39px}.elementor-widget-heading .elementor-heading-title.elementor-size-xxl{font-size:59px}<\/style><h2 class=\"elementor-heading-title elementor-size-default\">Kontakt os<\/h2>\t\t<\/div>\n\t\t\t\t<\/div>\n\t\t\t\t<div class=\"elementor-element elementor-element-65da809 elementor-widget elementor-widget-text-editor\" data-id=\"65da809\" data-element_type=\"widget\" data-widget_type=\"text-editor.default\">\n\t\t\t\t<div class=\"elementor-widget-container\">\n\t\t\t<style>\/*! elementor - v3.21.0 - 08-05-2024 *\/\n.elementor-widget-text-editor.elementor-drop-cap-view-stacked .elementor-drop-cap{background-color:#69727d;color:#fff}.elementor-widget-text-editor.elementor-drop-cap-view-framed .elementor-drop-cap{color:#69727d;border:3px solid;background-color:transparent}.elementor-widget-text-editor:not(.elementor-drop-cap-view-default) .elementor-drop-cap{margin-top:8px}.elementor-widget-text-editor:not(.elementor-drop-cap-view-default) .elementor-drop-cap-letter{width:1em;height:1em}.elementor-widget-text-editor .elementor-drop-cap{float:left;text-align:center;line-height:1;font-size:50px}.elementor-widget-text-editor .elementor-drop-cap-letter{display:inline-block}<\/style>\t\t\t\t<p>Hos 247Blackjack.io er din spiloplevelse og tilfredshed vores h\u00f8jeste prioritet. Vi er her for at hj\u00e6lpe dig med eventuelle sp\u00f8rgsm\u00e5l, bekymringer eller feedback, du m\u00e5tte have.<\/p>\n<div class=\"wpforms-container wpforms-container-full wpforms-render-modern\" id=\"wpforms-3902\">Please enable JavaScript in your browser to complete this form.<div class=\"wpforms-hidden\" id=\"wpforms-error-noscript\">Please enable JavaScript in your browser to complete this form.<\/div><div class=\"wpforms-field-container\"><div id=\"wpforms-3902-field_0-container\" class=\"wpforms-field wpforms-field-name\" data-field-id=\"0\"><label class=\"wpforms-field-label\" for=\"wpforms-3902-field_0\">Name <span class=\"wpforms-required-label\" aria-hidden=\"true\">*<\/span><\/label><\/div><div id=\"wpforms-3902-field_8-container\" class=\"wpforms-field wpforms-field-checkbox\" data-field-id=\"8\"><fieldset><legend class=\"wpforms-field-label\">Why are you contacting us?<\/legend><ul id=\"wpforms-3902-field_8\"><li class=\"choice-1 depth-1\"><label class=\"wpforms-field-label-inline\" for=\"wpforms-3902-field_8_1\">Advertising<\/label><\/li><li class=\"choice-2 depth-1\"><label class=\"wpforms-field-label-inline\" for=\"wpforms-3902-field_8_2\">Tips<\/label><\/li><li class=\"choice-3 depth-1\"><label class=\"wpforms-field-label-inline\" for=\"wpforms-3902-field_8_3\">Other<\/label><\/li><\/ul><\/fieldset><\/div><div id=\"wpforms-3902-field_7-container\" class=\"wpforms-field wpforms-field-text\" data-field-id=\"7\"><label class=\"wpforms-field-label\" for=\"wpforms-3902-field_7\">Your company name<\/label><\/div><div id=\"wpforms-3902-field_6-container\" class=\"wpforms-field wpforms-field-email\" data-field-id=\"6\"><label class=\"wpforms-field-label\" for=\"wpforms-3902-field_6\">Email  <span class=\"wpforms-required-label\" aria-hidden=\"true\">*<\/span><\/label><\/div><div id=\"wpforms-3902-field_2-container\" class=\"wpforms-field wpforms-field-textarea\" data-field-id=\"2\"><label class=\"wpforms-field-label\" for=\"wpforms-3902-field_2\">Your message <span class=\"wpforms-required-label\" aria-hidden=\"true\">*<\/span><\/label><textarea id=\"wpforms-3902-field_2\" class=\"wpforms-field-medium wpforms-field-required\" name=\"wpforms[fields][2]\"><\/textarea><\/div><\/div><!-- .wpforms-field-container --><div class=\"wpforms-recaptcha-container wpforms-is-hcaptcha\"><div class=\"g-recaptcha\" data-sitekey=\"34fbaa3f-2deb-4ed1-8fba-3f7e900742ec\"><\/div><\/div><div class=\"wpforms-submit-container\"><button type=\"submit\" name=\"wpforms[submit]\" id=\"wpforms-submit-3902\" class=\"wpforms-submit\" data-alt-text=\"Sending...\" data-submit-text=\"Send\" aria-live=\"assertive\" value=\"wpforms-submit\">Send<\/button><img loading=\"lazy\" loading=\"lazy\" decoding=\"async\" src=\"https:\/\/247blackjack.io\/wp-content\/plugins\/wpforms-lite\/assets\/images\/submit-spin.svg\" class=\"wpforms-submit-spinner\" width=\"26\" height=\"26\" alt=\"Loading\"><\/div><\/div>  <!-- .wpforms-container -->\n<p><strong>Kom i kontakt med os<\/strong><\/p>\n<ul>\n<li><strong>Support via e-mail:<\/strong> Hvis du har brug for hurtig hj\u00e6lp, kan du kontakte vores supportteam p\u00e5<a target=\"_new\" rel=\"noreferrer\">[support@247blackjack.io]<\/a>. Vi bestr\u00e6ber os p\u00e5 at besvare alle henvendelser inden for 24 timer.<\/li>\n<li><strong>Live chat:<\/strong> Vores live chat-funktion er tilg\u00e6ngelig direkte p\u00e5 vores hjemmeside og giver dig mulighed for at tale med en kundeservicemedarbejder i realtid. Tilg\u00e6ngelig 24\/7 for din bekvemmelighed.<\/li>\n<li><strong>Sociale medier:<\/strong> F\u00f8lg os p\u00e5 vores sociale medier for at holde dig opdateret om de seneste nyheder, opdateringer og kampagner. Du er altid velkommen til at sende os en besked!<\/li>\n<\/ul>\n<p><strong>Feedback<\/strong><\/p>\n<p>Din feedback er uvurderlig for os. Vi bestr\u00e6ber os p\u00e5 l\u00f8bende at forbedre og skr\u00e6ddersy vores tjenester, s\u00e5 de bedre opfylder dine behov. Fort\u00e6l os gerne, hvordan vi kan forbedre din oplevelse p\u00e5 247Blackjack.io.<\/p>\n<p><strong>Teknisk support<\/strong><\/p>\n<p>Har du tekniske problemer? Vores tekniske supportteam er klar til at hj\u00e6lpe med at l\u00f8se eventuelle problemer, du st\u00f8der p\u00e5, og sikre minimal afbrydelse af dit spil.<\/p>\n\t\t\t\t\t\t<\/div>\n\t\t\t\t<\/div>\n\t\t\t\t<\/div>\n\t\t<div class=\"elementor-element elementor-element-7d6d496 is-sidebar rb-sticky-last-widget e-con-full e-flex e-con e-child\" data-id=\"7d6d496\" data-element_type=\"container\">\n\t\t<div class=\"elementor-element elementor-element-1c4a60b e-con-full e-flex e-con e-child\" data-id=\"1c4a60b\" data-element_type=\"container\" data-settings=\"{&quot;background_background&quot;:&quot;classic&quot;}\">\n\t\t\t\t<div class=\"elementor-element elementor-element-322a8da elementor-widget elementor-widget-foxiz-heading\" data-id=\"322a8da\" data-element_type=\"widget\" data-widget_type=\"foxiz-heading.default\">\n\t\t\t\t<div class=\"elementor-widget-container\">\n\t\t\t<div id=\"uid_322a8da\" class=\"block-h heading-layout-19 light-scheme\"><div class=\"heading-inner\"><h2 class=\"heading-title\"><span>Get Insider Tips and Tricks in Our Newsletter!<\/span><\/h2><div class=\"heading-tagline h6\"><span class=\"heading-tagline-label\"> Join our community of subscribers who are gaining a competitive edge through the latest trends, innovative strategies, and insider information!<\/span><\/div><\/div><\/div>\t\t<\/div>\n\t\t\t\t<\/div>\n\t\t\t\t<\/div>\n\t\t\t\t<\/div>\n\t\t\t\t\t<\/div>\n\t\t\t\t<\/div>\n\t\t\t\t<\/div>\n\t\t","protected":false},"excerpt":{"rendered":"<p>Kontakt os Hos 247Blackjack.io er din spiloplevelse og tilfredshed vores h\u00f8jeste prioritet. Vi er her for at hj\u00e6lpe dig med eventuelle sp\u00f8rgsm\u00e5l, bekymringer eller feedback, du m\u00e5tte have. Kom i kontakt med os Support via e-mail: Hvis du har brug for hurtig hj\u00e6lp, kan du kontakte vores supportteam p\u00e5[support@247blackjack.io]. Vi bestr\u00e6ber os p\u00e5 at besvare [&hellip;]<\/p>\n","protected":false},"author":1,"featured_media":0,"parent":0,"menu_order":0,"comment_status":"closed","ping_status":"closed","template":"","meta":{"content-type":"","footnotes":""},"class_list":["post-5553","page","type-page","status-publish"],"yoast_head":"<!-- This site is optimized with the Yoast SEO plugin v22.6 - https:\/\/yoast.com\/wordpress\/plugins\/seo\/ -->\n<title>Kontakt - 247 Blackjack<\/title>\n<meta name=\"robots\" content=\"index, follow, max-snippet:-1, max-image-preview:large, max-video-preview:-1\" \/>\n<link rel=\"canonical\" href=\"https:\/\/247blackjack.io\/da\/kontakt\/\" \/>\n<meta property=\"og:locale\" content=\"da_DK\" \/>\n<meta property=\"og:type\" content=\"article\" \/>\n<meta property=\"og:title\" content=\"Kontakt - 247 Blackjack\" \/>\n<meta property=\"og:description\" content=\"Kontakt os Hos 247Blackjack.io er din spiloplevelse og tilfredshed vores h\u00f8jeste prioritet. Vi er her for at hj\u00e6lpe dig med eventuelle sp\u00f8rgsm\u00e5l, bekymringer eller feedback, du m\u00e5tte have. Kom i kontakt med os Support via e-mail: Hvis du har brug for hurtig hj\u00e6lp, kan du kontakte vores supportteam p\u00e5[support@247blackjack.io]. Vi bestr\u00e6ber os p\u00e5 at besvare [&hellip;]\" \/>\n<meta property=\"og:url\" content=\"https:\/\/247blackjack.io\/da\/kontakt\/\" \/>\n<meta property=\"og:site_name\" content=\"247 Blackjack\" \/>\n<meta property=\"article:modified_time\" content=\"2024-05-13T12:39:58+00:00\" \/>\n<meta name=\"twitter:card\" content=\"summary_large_image\" \/>\n<meta name=\"twitter:label1\" content=\"Estimeret l\u00e6setid\" \/>\n\t<meta name=\"twitter:data1\" content=\"1 minut\" \/>\n<script type=\"application\/ld+json\" class=\"yoast-schema-graph\">{\"@context\":\"https:\/\/schema.org\",\"@graph\":[{\"@type\":\"WebPage\",\"@id\":\"https:\/\/247blackjack.io\/da\/kontakt\/\",\"url\":\"https:\/\/247blackjack.io\/da\/kontakt\/\",\"name\":\"Kontakt - 247 Blackjack\",\"isPartOf\":{\"@id\":\"https:\/\/247blackjack.io\/#website\"},\"datePublished\":\"2021-11-04T11:45:08+00:00\",\"dateModified\":\"2024-05-13T12:39:58+00:00\",\"breadcrumb\":{\"@id\":\"https:\/\/247blackjack.io\/da\/kontakt\/#breadcrumb\"},\"inLanguage\":\"da-DK\",\"potentialAction\":[{\"@type\":\"ReadAction\",\"target\":[\"https:\/\/247blackjack.io\/da\/kontakt\/\"]}]},{\"@type\":\"BreadcrumbList\",\"@id\":\"https:\/\/247blackjack.io\/da\/kontakt\/#breadcrumb\",\"itemListElement\":[{\"@type\":\"ListItem\",\"position\":1,\"name\":\"Home\",\"item\":\"https:\/\/247blackjack.io\/da\/247-blackjack\/\"},{\"@type\":\"ListItem\",\"position\":2,\"name\":\"Kontakt\"}]},{\"@type\":\"WebSite\",\"@id\":\"https:\/\/247blackjack.io\/#website\",\"url\":\"https:\/\/247blackjack.io\/\",\"name\":\"247 Blackjack\",\"description\":\"\",\"potentialAction\":[{\"@type\":\"SearchAction\",\"target\":{\"@type\":\"EntryPoint\",\"urlTemplate\":\"https:\/\/247blackjack.io\/?s={search_term_string}\"},\"query-input\":\"required name=search_term_string\"}],\"inLanguage\":\"da-DK\"}]}<\/script>\n<!-- \/ Yoast SEO plugin. -->","yoast_head_json":{"title":"Kontakt - 247 Blackjack","robots":{"index":"index","follow":"follow","max-snippet":"max-snippet:-1","max-image-preview":"max-image-preview:large","max-video-preview":"max-video-preview:-1"},"canonical":"https:\/\/247blackjack.io\/da\/kontakt\/","og_locale":"da_DK","og_type":"article","og_title":"Kontakt - 247 Blackjack","og_description":"Kontakt os Hos 247Blackjack.io er din spiloplevelse og tilfredshed vores h\u00f8jeste prioritet. Vi er her for at hj\u00e6lpe dig med eventuelle sp\u00f8rgsm\u00e5l, bekymringer eller feedback, du m\u00e5tte have. Kom i kontakt med os Support via e-mail: Hvis du har brug for hurtig hj\u00e6lp, kan du kontakte vores supportteam p\u00e5[support@247blackjack.io]. Vi bestr\u00e6ber os p\u00e5 at besvare [&hellip;]","og_url":"https:\/\/247blackjack.io\/da\/kontakt\/","og_site_name":"247 Blackjack","article_modified_time":"2024-05-13T12:39:58+00:00","twitter_card":"summary_large_image","twitter_misc":{"Estimeret l\u00e6setid":"1 minut"},"schema":{"@context":"https:\/\/schema.org","@graph":[{"@type":"WebPage","@id":"https:\/\/247blackjack.io\/da\/kontakt\/","url":"https:\/\/247blackjack.io\/da\/kontakt\/","name":"Kontakt - 247 Blackjack","isPartOf":{"@id":"https:\/\/247blackjack.io\/#website"},"datePublished":"2021-11-04T11:45:08+00:00","dateModified":"2024-05-13T12:39:58+00:00","breadcrumb":{"@id":"https:\/\/247blackjack.io\/da\/kontakt\/#breadcrumb"},"inLanguage":"da-DK","potentialAction":[{"@type":"ReadAction","target":["https:\/\/247blackjack.io\/da\/kontakt\/"]}]},{"@type":"BreadcrumbList","@id":"https:\/\/247blackjack.io\/da\/kontakt\/#breadcrumb","itemListElement":[{"@type":"ListItem","position":1,"name":"Home","item":"https:\/\/247blackjack.io\/da\/247-blackjack\/"},{"@type":"ListItem","position":2,"name":"Kontakt"}]},{"@type":"WebSite","@id":"https:\/\/247blackjack.io\/#website","url":"https:\/\/247blackjack.io\/","name":"247 Blackjack","description":"","potentialAction":[{"@type":"SearchAction","target":{"@type":"EntryPoint","urlTemplate":"https:\/\/247blackjack.io\/?s={search_term_string}"},"query-input":"required name=search_term_string"}],"inLanguage":"da-DK"}]}},"_links":{"self":[{"href":"https:\/\/247blackjack.io\/da\/wp-json\/wp\/v2\/pages\/5553","targetHints":{"allow":["GET"]}}],"collection":[{"href":"https:\/\/247blackjack.io\/da\/wp-json\/wp\/v2\/pages"}],"about":[{"href":"https:\/\/247blackjack.io\/da\/wp-json\/wp\/v2\/types\/page"}],"author":[{"embeddable":true,"href":"https:\/\/247blackjack.io\/da\/wp-json\/wp\/v2\/users\/1"}],"replies":[{"embeddable":true,"href":"https:\/\/247blackjack.io\/da\/wp-json\/wp\/v2\/comments?post=5553"}],"version-history":[{"count":2,"href":"https:\/\/247blackjack.io\/da\/wp-json\/wp\/v2\/pages\/5553\/revisions"}],"predecessor-version":[{"id":5567,"href":"https:\/\/247blackjack.io\/da\/wp-json\/wp\/v2\/pages\/5553\/revisions\/5567"}],"wp:attachment":[{"href":"https:\/\/247blackjack.io\/da\/wp-json\/wp\/v2\/media?parent=5553"}],"curies":[{"name":"wp","href":"https:\/\/api.w.org\/{rel}","templated":true}]}}